{"id":125,"date":"2024-07-28T12:13:22","date_gmt":"2024-07-28T12:13:22","guid":{"rendered":"http:\/\/adiz-ev.de\/?page_id=125"},"modified":"2026-02-25T11:28:49","modified_gmt":"2026-02-25T11:28:49","slug":"veranstaltungen","status":"publish","type":"page","link":"https:\/\/adiz-ev.de\/?page_id=125","title":{"rendered":"Veranstaltungen"},"content":{"rendered":"\n<h2 class=\"wp-block-heading\"><strong>Aktuelles:<\/strong><\/h2>\n\n\n\n<div class=\"wp-block-media-text is-stacked-on-mobile\" style=\"grid-template-columns:29% auto\"><figure class=\"wp-block-media-text__media\"><img fetchpriority=\"high\" decoding=\"async\" width=\"724\" height=\"1024\" src=\"https:\/\/adiz-ev.de\/wp-content\/uploads\/2026\/02\/Weltfrauentag-2026_ZAK-724x1024.png\" alt=\"\" class=\"wp-image-532 size-full\" srcset=\"https:\/\/adiz-ev.de\/wp-content\/uploads\/2026\/02\/Weltfrauentag-2026_ZAK-724x1024.png 724w, https:\/\/adiz-ev.de\/wp-content\/uploads\/2026\/02\/Weltfrauentag-2026_ZAK-212x300.png 212w, https:\/\/adiz-ev.de\/wp-content\/uploads\/2026\/02\/Weltfrauentag-2026_ZAK-768x1086.png 768w, https:\/\/adiz-ev.de\/wp-content\/uploads\/2026\/02\/Weltfrauentag-2026_ZAK-1086x1536.png 1086w, https:\/\/adiz-ev.de\/wp-content\/uploads\/2026\/02\/Weltfrauentag-2026_ZAK.png 1414w\" sizes=\"(max-width: 724px) 100vw, 724px\" \/><\/figure><div class=\"wp-block-media-text__content\">\n<p><strong>Internationaler Frauentag: Gender Pay Gabs &amp; Frauenarmut.<\/strong><br><br>Am 07. M\u00e4rz von 10-12:30 Uhr auf dem B\u00fcrgerturmplatz in Albstadt-Ebingen werden wir gemeinsam mit vielen weiteren wichtigen Akteur*innen und Organisationen vertreten sein. Kommen Sie uns gern besuchen.<br><br>Mehr Infos unter diesem <a href=\"https:\/\/www.zollernalbkreis.de\/aktuelles\/nachrichten\/weltfrauentag+einladung\">Link<\/a><\/p>\n<\/div><\/div>\n\n\n\n<h2 class=\"wp-block-heading\"><strong>Vergangenes:<\/strong><\/h2>\n\n\n\n<div class=\"wp-block-media-text is-stacked-on-mobile\" style=\"grid-template-columns:27% auto\"><figure class=\"wp-block-media-text__media\"><img decoding=\"async\" width=\"724\" height=\"1024\" src=\"https:\/\/adiz-ev.de\/wp-content\/uploads\/2025\/07\/Flyer_Entwurf_OnlineSensi_AD-Stelle-juli25-1-724x1024.jpg\" alt=\"\" class=\"wp-image-520 size-full\" srcset=\"https:\/\/adiz-ev.de\/wp-content\/uploads\/2025\/07\/Flyer_Entwurf_OnlineSensi_AD-Stelle-juli25-1-724x1024.jpg 724w, https:\/\/adiz-ev.de\/wp-content\/uploads\/2025\/07\/Flyer_Entwurf_OnlineSensi_AD-Stelle-juli25-1-212x300.jpg 212w, https:\/\/adiz-ev.de\/wp-content\/uploads\/2025\/07\/Flyer_Entwurf_OnlineSensi_AD-Stelle-juli25-1-768x1086.jpg 768w, https:\/\/adiz-ev.de\/wp-content\/uploads\/2025\/07\/Flyer_Entwurf_OnlineSensi_AD-Stelle-juli25-1-1086x1536.jpg 1086w, https:\/\/adiz-ev.de\/wp-content\/uploads\/2025\/07\/Flyer_Entwurf_OnlineSensi_AD-Stelle-juli25-1-1448x2048.jpg 1448w, https:\/\/adiz-ev.de\/wp-content\/uploads\/2025\/07\/Flyer_Entwurf_OnlineSensi_AD-Stelle-juli25-1-scaled.jpg 1811w\" sizes=\"(max-width: 724px) 100vw, 724px\" \/><\/figure><div class=\"wp-block-media-text__content\">\n<p><strong>18.07.2025 &#8211; Diskriminierung verstehen und erkennen<\/strong><\/p>\n\n\n\n<p>In diesem Online Vortrag lernen Sie, was Diskriminierung ist, welche Formen sie annimmt und was Sie dagegen tun k\u00f6nnen.<br>Au\u00dferdem lernen Sie unsere Antidiskriminierungsstelle kennen, und erfahren was eigentlich die Aufgaben der sog. &#8222;AD-Stellen&#8220; sind.<br><br>Die Veranstaltung richtet sich an alle Interessierten &#8211; egal ob Fachkr\u00e4fte aus Beratungsstellen, Bildungseinrichtungen, Unternehmen, Institutionen, Vereinen oder engagierte Einzelpersonen.<br><br>Die Veranstaltung ist<strong> kostenlos.<\/strong><\/p>\n<\/div><\/div>\n\n\n\n<div class=\"wp-block-media-text is-stacked-on-mobile\" style=\"grid-template-columns:27% auto\"><figure class=\"wp-block-media-text__media\"><img decoding=\"async\" width=\"7448\" height=\"10531\" src=\"https:\/\/adiz-ev.de\/wp-content\/uploads\/2025\/09\/Flyer_Entwurf_Rassismus-Sensi-Oktober.jpg\" alt=\"\" class=\"wp-image-525 size-full\"\/><\/figure><div class=\"wp-block-media-text__content\">\n<p><strong>01.10.2025 &#8211; Rassismus verstehen: Grundlagen und Handlungsm\u00f6glichkeiten<\/strong><\/p>\n\n\n\n<p>In diesem Online Vortrag lernen Sie die Hintergr\u00fcnde von Rassismus kennen, welche Auspr\u00e4gungen er haben kann und was Sie dagegen tun k\u00f6nnen.<br><br>Die Veranstaltung richtet sich an alle die sich mit dem Thema auseinandersetzen und Verantwortung \u00fcbernehmen wollen &#8211; unabh\u00e4ngig vom Vorwissen.<br><br>Die Veranstaltung kostet 10 Euro &#8211; Das ist unser Richtwert \u2013 <br>wenn du dir den vollen Betrag gerade nicht leisten kannst,<br>gibt es auch die M\u00f6glichkeit ein \u201everg\u00fcnstigtes\u201c Ticket zu kaufen.<br>Deine Teilnahme ist willkommen \u2013 unabh\u00e4ngig vom Beitrag.<\/p>\n\n\n\n<div style=\"height:40px\" aria-hidden=\"true\" class=\"wp-block-spacer\"><\/div>\n\n\n\n<p><strong>Anmeldung unter: <\/strong><a href=\"https:\/\/easy-tickets.app\/event\/adiz-e-v-antidiskriminierungsstelle-zak\/9QB6-K5RZ-5ZVB-rassismus-verstehen-grundlagenwissen-und-handlungsmoglichkeiten\/\">https:\/\/easy-tickets.app\/event\/adiz-e-v-antidiskriminierungsstelle-zak\/9QB6-K5RZ-5ZVB-rassismus-verstehen-grundlagenwissen-und-handlungsmoglichkeiten\/<\/a><br><br>oder sonst gerne auch per Mail an: info@adiz-ev.de<\/p>\n<\/div><\/div>\n\n\n\n<div class=\"wp-block-media-text is-stacked-on-mobile\" style=\"grid-template-columns:27% auto\"><figure class=\"wp-block-media-text__media\"><img loading=\"lazy\" decoding=\"async\" width=\"724\" height=\"1024\" src=\"https:\/\/adiz-ev.de\/wp-content\/uploads\/2025\/03\/Internationaler-2_511277461-724x1024.png\" alt=\"\" class=\"wp-image-490 size-full\" srcset=\"https:\/\/adiz-ev.de\/wp-content\/uploads\/2025\/03\/Internationaler-2_511277461-724x1024.png 724w, https:\/\/adiz-ev.de\/wp-content\/uploads\/2025\/03\/Internationaler-2_511277461-212x300.png 212w, https:\/\/adiz-ev.de\/wp-content\/uploads\/2025\/03\/Internationaler-2_511277461-768x1086.png 768w, https:\/\/adiz-ev.de\/wp-content\/uploads\/2025\/03\/Internationaler-2_511277461-1086x1536.png 1086w, https:\/\/adiz-ev.de\/wp-content\/uploads\/2025\/03\/Internationaler-2_511277461.png 1414w\" sizes=\"(max-width: 724px) 100vw, 724px\" \/><\/figure><div class=\"wp-block-media-text__content\">\n<p>Frauen. St\u00e4rke(n). Demokratie.<\/p>\n\n\n\n<p><strong>Besuchen Sie uns am Weltfrauentag!<\/strong><br>Auf dem Hechinger Obertorplatz stehen wir gemeinsam mit vielen weiteren wichtigen Akteur*innen und Organisationen.<br><br>Mehr Infos <a href=\"https:\/\/www.zollernalbkreis.de\/aktuelles\/nachrichten\/weltfrauentag+2025\">hier<\/a><br><\/p>\n<\/div><\/div>\n\n\n\n<div class=\"wp-block-media-text has-media-on-the-right is-stacked-on-mobile\" style=\"grid-template-columns:auto 33%\"><div class=\"wp-block-media-text__content\">\n<p>Abendveranstaltung 14.11.2024<\/p>\n\n\n\n<p><strong>zum Thema Neurodivergenz<\/strong> <strong>bei Kindern und Jugendlichen<\/strong><\/p>\n\n\n\n<p><strong>mit Referentin Corina Elfe<\/strong><br>Referentin Corina Elfe&nbsp;<a href=\"https:\/\/www.instagram.com\/Kapierfehler\/\">@Kapierfehler<\/a>&nbsp;kam nach Balingen in die Stadthalle um Erziehenden, P\u00e4dagog:innen, Lehrkr\u00e4ften, Betroffenen und allen Interessierten einen Einblick in den Alltag neurodivergenter Kinder und Jugendlichen zu gew\u00e4hren.<br><\/p>\n\n\n\n<p>Als Gymnasiallehrerin, als Mutter von Kindern mit ADHS und als selbst Betroffene, brachte sie ihre Erfahrung mit den Themen ADHS und Autismus in ihren Vortrag ein.<\/p>\n<\/div><figure class=\"wp-block-media-text__media\"><img loading=\"lazy\" decoding=\"async\" width=\"1024\" height=\"768\" src=\"https:\/\/adiz-ev.de\/wp-content\/uploads\/2025\/02\/Veranstaltung_Herbst_CorinaElfe_14-11-24_3-1024x768.jpg\" alt=\"\" class=\"wp-image-474 size-full\" srcset=\"https:\/\/adiz-ev.de\/wp-content\/uploads\/2025\/02\/Veranstaltung_Herbst_CorinaElfe_14-11-24_3-1024x768.jpg 1024w, https:\/\/adiz-ev.de\/wp-content\/uploads\/2025\/02\/Veranstaltung_Herbst_CorinaElfe_14-11-24_3-300x225.jpg 300w, https:\/\/adiz-ev.de\/wp-content\/uploads\/2025\/02\/Veranstaltung_Herbst_CorinaElfe_14-11-24_3-768x576.jpg 768w, https:\/\/adiz-ev.de\/wp-content\/uploads\/2025\/02\/Veranstaltung_Herbst_CorinaElfe_14-11-24_3-1536x1152.jpg 1536w, https:\/\/adiz-ev.de\/wp-content\/uploads\/2025\/02\/Veranstaltung_Herbst_CorinaElfe_14-11-24_3.jpg 1600w\" sizes=\"(max-width: 1024px) 100vw, 1024px\" \/><\/figure><\/div>\n\n\n\n<div style=\"height:100px\" aria-hidden=\"true\" class=\"wp-block-spacer\"><\/div>\n\n\n\n<div class=\"wp-block-media-text is-stacked-on-mobile\" style=\"grid-template-columns:27% auto\"><figure class=\"wp-block-media-text__media\"><img loading=\"lazy\" decoding=\"async\" width=\"723\" height=\"1024\" src=\"https:\/\/adiz-ev.de\/wp-content\/uploads\/2025\/02\/EinwandfreiManfred_plakat_page-0001-723x1024.jpg\" alt=\"\" class=\"wp-image-480 size-full\" srcset=\"https:\/\/adiz-ev.de\/wp-content\/uploads\/2025\/02\/EinwandfreiManfred_plakat_page-0001-723x1024.jpg 723w, https:\/\/adiz-ev.de\/wp-content\/uploads\/2025\/02\/EinwandfreiManfred_plakat_page-0001-212x300.jpg 212w, https:\/\/adiz-ev.de\/wp-content\/uploads\/2025\/02\/EinwandfreiManfred_plakat_page-0001-768x1087.jpg 768w, https:\/\/adiz-ev.de\/wp-content\/uploads\/2025\/02\/EinwandfreiManfred_plakat_page-0001-1085x1536.jpg 1085w, https:\/\/adiz-ev.de\/wp-content\/uploads\/2025\/02\/EinwandfreiManfred_plakat_page-0001-1446x2048.jpg 1446w, https:\/\/adiz-ev.de\/wp-content\/uploads\/2025\/02\/EinwandfreiManfred_plakat_page-0001-scaled.jpg 1808w\" sizes=\"(max-width: 723px) 100vw, 723px\" \/><\/figure><div class=\"wp-block-media-text__content\">\n<p><strong>Abendveranstaltung 16.10.2024<\/strong><br>Antirassistisches Zirkeltraining <br>mit Kabarettk\u00fcnstler Manfred vom Theater Lindenhof<br>Interaktiver Mini-Workshop mit dem Schwerpunkt Alltagsrassismus: Eigene Vorurteile reflektieren und Handlungsm\u00f6glichkeiten erarbeiten.<br><br><a href=\"https:\/\/www.schwaebische.de\/regional\/zollernalb\/hechingen\/antirassistisches-zirkeltraining-verbindet-satire-mit-mini-workshops-2950532\">Hier gehts zum Artikel<\/a><\/p>\n<\/div><\/div>\n\n\n\n<p><\/p>\n","protected":false},"excerpt":{"rendered":"<p>Aktuelles: Internationaler Frauentag: Gender Pay Gabs &amp; Frauenarmut. Am 07. M\u00e4rz von 10-12:30 Uhr auf dem B\u00fcrgerturmplatz in Albstadt-Ebingen werden wir gemeinsam mit vielen weiteren wichtigen Akteur*innen und Organisationen vertreten sein. Kommen Sie uns gern besuchen. Mehr Infos unter diesem Link Vergangenes: 18.07.2025 &#8211; Diskriminierung verstehen und erkennen In diesem Online Vortrag lernen Sie, was [&hellip;]<\/p>\n","protected":false},"author":1,"featured_media":0,"parent":0,"menu_order":0,"comment_status":"closed","ping_status":"closed","template":"","meta":{"footnotes":""},"class_list":["post-125","page","type-page","status-publish","hentry"],"_links":{"self":[{"href":"https:\/\/adiz-ev.de\/index.php?rest_route=\/wp\/v2\/pages\/125","targetHints":{"allow":["GET"]}}],"collection":[{"href":"https:\/\/adiz-ev.de\/index.php?rest_route=\/wp\/v2\/pages"}],"about":[{"href":"https:\/\/adiz-ev.de\/index.php?rest_route=\/wp\/v2\/types\/page"}],"author":[{"embeddable":true,"href":"https:\/\/adiz-ev.de\/index.php?rest_route=\/wp\/v2\/users\/1"}],"replies":[{"embeddable":true,"href":"https:\/\/adiz-ev.de\/index.php?rest_route=%2Fwp%2Fv2%2Fcomments&post=125"}],"version-history":[{"count":24,"href":"https:\/\/adiz-ev.de\/index.php?rest_route=\/wp\/v2\/pages\/125\/revisions"}],"predecessor-version":[{"id":534,"href":"https:\/\/adiz-ev.de\/index.php?rest_route=\/wp\/v2\/pages\/125\/revisions\/534"}],"wp:attachment":[{"href":"https:\/\/adiz-ev.de\/index.php?rest_route=%2Fwp%2Fv2%2Fmedia&parent=125"}],"curies":[{"name":"wp","href":"https:\/\/api.w.org\/{rel}","templated":true}]}}