{"id":137,"date":"2024-08-03T15:27:58","date_gmt":"2024-08-03T15:27:58","guid":{"rendered":"http:\/\/adiz-ev.de\/?page_id=137"},"modified":"2025-12-22T21:36:58","modified_gmt":"2025-12-22T21:36:58","slug":"spenden","status":"publish","type":"page","link":"https:\/\/adiz-ev.de\/?page_id=137","title":{"rendered":"Spenden"},"content":{"rendered":"\n<p>Wir ben\u00f6tigen f\u00fcr die erfolgreiche Projektarbeit immer auch Eigenmittel. <\/p>\n\n\n\n<p>Au\u00dferdem erm\u00f6glichen uns Spenden wichtige Arbeit zu machen, <\/p>\n\n\n\n<p>die nicht \u00fcber Projekte finanziert werden kann.<\/p>\n\n\n\n<div style=\"height:28px\" aria-hidden=\"true\" class=\"wp-block-spacer\"><\/div>\n\n\n\n<p>Wir bedanken uns f\u00fcr Spenden auf folgendes Konto:<\/p>\n\n\n\n<p><br>Spendenempf\u00e4nger: AdiZ e.V.<br>IBAN: DE11 8306 5408 0005 4807 36<br>BIC: GENODEF1SLR (Deutsche Skatbank)<\/p>\n\n\n\n<p><br>Spendenbescheinigungen k\u00f6nnen ausgestellt werden.<\/p>\n\n\n\n<div style=\"height:100px\" aria-hidden=\"true\" class=\"wp-block-spacer\"><\/div>\n\n\n\n<figure class=\"wp-block-image aligncenter size-large is-resized\"><img fetchpriority=\"high\" decoding=\"async\" width=\"724\" height=\"1024\" src=\"http:\/\/adiz-ev.de\/wp-content\/uploads\/2024\/09\/slim-724x1024.jpg\" alt=\"\" class=\"wp-image-307\" style=\"width:540px;height:auto\" srcset=\"https:\/\/adiz-ev.de\/wp-content\/uploads\/2024\/09\/slim-724x1024.jpg 724w, https:\/\/adiz-ev.de\/wp-content\/uploads\/2024\/09\/slim-212x300.jpg 212w, https:\/\/adiz-ev.de\/wp-content\/uploads\/2024\/09\/slim-768x1086.jpg 768w, https:\/\/adiz-ev.de\/wp-content\/uploads\/2024\/09\/slim-1086x1536.jpg 1086w, https:\/\/adiz-ev.de\/wp-content\/uploads\/2024\/09\/slim.jpg 1091w\" sizes=\"(max-width: 724px) 100vw, 724px\" \/><\/figure>\n\n\n\n<p class=\"has-text-align-center\">Ein Kunstwerk der Mundmalerin Amie Savage<\/p>\n\n\n\n<div style=\"height:100px\" aria-hidden=\"true\" class=\"wp-block-spacer\"><\/div>\n","protected":false},"excerpt":{"rendered":"<p>Wir ben\u00f6tigen f\u00fcr die erfolgreiche Projektarbeit immer auch Eigenmittel. Au\u00dferdem erm\u00f6glichen uns Spenden wichtige Arbeit zu machen, die nicht \u00fcber Projekte finanziert werden kann. Wir bedanken uns f\u00fcr Spenden auf folgendes Konto: Spendenempf\u00e4nger: AdiZ e.V.IBAN: DE11 8306 5408 0005 4807 36BIC: GENODEF1SLR (Deutsche Skatbank) Spendenbescheinigungen k\u00f6nnen ausgestellt werden. Ein Kunstwerk der Mundmalerin Amie Savage<\/p>\n","protected":false},"author":1,"featured_media":0,"parent":0,"menu_order":0,"comment_status":"closed","ping_status":"closed","template":"","meta":{"footnotes":""},"class_list":["post-137","page","type-page","status-publish","hentry"],"_links":{"self":[{"href":"https:\/\/adiz-ev.de\/index.php?rest_route=\/wp\/v2\/pages\/137","targetHints":{"allow":["GET"]}}],"collection":[{"href":"https:\/\/adiz-ev.de\/index.php?rest_route=\/wp\/v2\/pages"}],"about":[{"href":"https:\/\/adiz-ev.de\/index.php?rest_route=\/wp\/v2\/types\/page"}],"author":[{"embeddable":true,"href":"https:\/\/adiz-ev.de\/index.php?rest_route=\/wp\/v2\/users\/1"}],"replies":[{"embeddable":true,"href":"https:\/\/adiz-ev.de\/index.php?rest_route=%2Fwp%2Fv2%2Fcomments&post=137"}],"version-history":[{"count":16,"href":"https:\/\/adiz-ev.de\/index.php?rest_route=\/wp\/v2\/pages\/137\/revisions"}],"predecessor-version":[{"id":530,"href":"https:\/\/adiz-ev.de\/index.php?rest_route=\/wp\/v2\/pages\/137\/revisions\/530"}],"wp:attachment":[{"href":"https:\/\/adiz-ev.de\/index.php?rest_route=%2Fwp%2Fv2%2Fmedia&parent=137"}],"curies":[{"name":"wp","href":"https:\/\/api.w.org\/{rel}","templated":true}]}}