{"id":97,"date":"2024-07-28T08:18:47","date_gmt":"2024-07-28T08:18:47","guid":{"rendered":"http:\/\/adiz-ev.de\/?page_id=97"},"modified":"2025-06-02T10:03:35","modified_gmt":"2025-06-02T10:03:35","slug":"antidiskriminierungsberatung","status":"publish","type":"page","link":"https:\/\/adiz-ev.de\/?page_id=97","title":{"rendered":"Antidiskriminierungsberatung"},"content":{"rendered":"\n<div class=\"wp-block-columns is-layout-flex wp-container-core-columns-is-layout-1 wp-block-columns-is-layout-flex\">\n<div class=\"wp-block-column is-layout-flow wp-block-column-is-layout-flow\">\n<h2 class=\"wp-block-heading\">F\u00fcr wen sind wir da?<\/h2>\n\n\n\n<p>F\u00fcr alle, die direkt oder indirekt von <a href=\"http:\/\/adiz-ev.de\/?page_id=124\" data-type=\"page\" data-id=\"124\">Diskriminierung<\/a> betroffen sind oder sich diskriminiert f\u00fchlen.<\/p>\n\n\n\n<h2 class=\"wp-block-heading\">Wurden oder werden Sie diskriminiert?<\/h2>\n\n\n\n<p>Wir beraten Sie gerne! Vereinbaren Sie daf\u00fcr bitte einen Termin bei uns.<\/p>\n\n\n\n<p>Gerne m\u00f6chten wir auf Ihren besonderen Bedarf eingehen, kontaktieren Sie uns gerne!<\/p>\n\n\n\n<p><\/p>\n\n\n\n<p><\/p>\n\n\n\n<div class=\"wp-block-buttons is-content-justification-center is-layout-flex wp-container-core-buttons-is-layout-1 wp-block-buttons-is-layout-flex\">\n<div class=\"wp-block-button\"><a class=\"wp-block-button__link wp-element-button\" href=\"https:\/\/adiz-ev.de\/?page_id=131\">Kontakt<\/a><\/div>\n<\/div>\n\n\n\n<p><\/p>\n\n\n\n<h2 class=\"wp-block-heading\">Die Beratung ist \u2026<\/h2>\n\n\n\n<ul class=\"wp-block-list\">\n<li>kostenlos<\/li>\n\n\n\n<li>vertraulich (auf Wunsch auch anonym)<\/li>\n\n\n\n<li>parteilich<\/li>\n\n\n\n<li>f\u00fcr Kinder, Jugendliche und Erwachsene<\/li>\n<\/ul>\n<\/div>\n\n\n\n<div class=\"wp-block-column is-layout-flow wp-block-column-is-layout-flow\">\n<figure class=\"wp-block-image size-full is-resized\"><img fetchpriority=\"high\" decoding=\"async\" width=\"1709\" height=\"2560\" src=\"http:\/\/adiz-ev.de\/wp-content\/uploads\/2024\/09\/Beratung-scaled.jpg\" alt=\"\" class=\"wp-image-304\" style=\"width:494px;height:auto\" srcset=\"https:\/\/adiz-ev.de\/wp-content\/uploads\/2024\/09\/Beratung-scaled.jpg 1709w, https:\/\/adiz-ev.de\/wp-content\/uploads\/2024\/09\/Beratung-200x300.jpg 200w, https:\/\/adiz-ev.de\/wp-content\/uploads\/2024\/09\/Beratung-684x1024.jpg 684w, https:\/\/adiz-ev.de\/wp-content\/uploads\/2024\/09\/Beratung-768x1151.jpg 768w, https:\/\/adiz-ev.de\/wp-content\/uploads\/2024\/09\/Beratung-1025x1536.jpg 1025w, https:\/\/adiz-ev.de\/wp-content\/uploads\/2024\/09\/Beratung-1367x2048.jpg 1367w\" sizes=\"(max-width: 1709px) 100vw, 1709px\" \/><\/figure>\n<\/div>\n<\/div>\n\n\n\n<h2 class=\"wp-block-heading\">Das erwartet Sie in der Beratung:<\/h2>\n\n\n\n<ul class=\"wp-block-list\">\n<li>Wir h\u00f6ren Ihnen zu und nehmen Ihre Erfahrungen ernst<\/li>\n\n\n\n<li>Wir sch\u00e4tzen die Situation ein und informieren Sie zu Ihren Rechten<\/li>\n\n\n\n<li>Wir entwickeln mit Ihnen gemeinsam L\u00f6sungsans\u00e4tze und <\/li>\n\n\n\n<li>Handlungsstrategien (z.B. Vermittlungsgespr\u00e4ch, Beschwerdebrief, \u2026)<\/li>\n\n\n\n<li>Bei Bedarf begleiten wir Sie zu Gespr\u00e4chen und Terminen<\/li>\n<\/ul>\n\n\n\n<h2 class=\"wp-block-heading\">Antidiskriminierungsberatung \u2026<\/h2>\n\n\n\n<ul class=\"wp-block-list\">\n<li>ist ein psychosoziales Beratungsangebot, das nach dem Prinzip des <br>Empowerment Menschen einen Raum gibt, in dem sie sich Selbstbewusstsein <br>erarbeiten k\u00f6nnen, um eigenverantwortlich ein Leben in W\u00fcrde und <br>gleichberechtigter Teilhabe einzufordern.<\/li>\n\n\n\n<li>ber\u00e4t horizontal (merkmals- und zielgruppen\u00fcbergreifend) alle Menschen, <br>die z.B. aufgrund der zugeschriebenen Herkunft, der Hautfarbe, der Religion, <br>der Behinderung, des Geschlechts, der sexuellen Orientierung oder des Alters <br>strukturell oder individuell von Diskriminierung betroffen sind.<\/li>\n\n\n\n<li>f\u00f6rdert einen niederschwelligen Zugang durch eine unabh\u00e4ngig organisierte Beratung.<\/li>\n\n\n\n<li>arbeitet eng mit anderen Beratungsstellen sowie kommunalen Strukturen zusammen. <\/li>\n\n\n\n<li>Wir orientieren uns an den Positionen und Standards des <br><a href=\"https:\/\/www.antidiskriminierung.org\/\" data-type=\"link\" data-id=\"https:\/\/www.antidiskriminierung.org\/\">Antidiskriminierungsverbandes<\/a> <a href=\"https:\/\/www.antidiskriminierung.org\/\" data-type=\"link\" data-id=\"https:\/\/www.antidiskriminierung.org\/\">Deutschland<\/a> (advd).<\/li>\n\n\n\n<li>Alle Berater*innen in unserer Beratungsstelle sind vom<br>advd f\u00fcr den Bereich der Antidiskriminierungsberatung qualifiziert.<\/li>\n<\/ul>\n\n\n\n<div style=\"height:100px\" aria-hidden=\"true\" class=\"wp-block-spacer\"><\/div>\n","protected":false},"excerpt":{"rendered":"<p>F\u00fcr wen sind wir da? F\u00fcr alle, die direkt oder indirekt von Diskriminierung betroffen sind oder sich diskriminiert f\u00fchlen. Wurden oder werden Sie diskriminiert? Wir beraten Sie gerne! Vereinbaren Sie daf\u00fcr bitte einen Termin bei uns. Gerne m\u00f6chten wir auf Ihren besonderen Bedarf eingehen, kontaktieren Sie uns gerne! Die Beratung ist \u2026 Das erwartet Sie [&hellip;]<\/p>\n","protected":false},"author":1,"featured_media":0,"parent":0,"menu_order":0,"comment_status":"closed","ping_status":"closed","template":"","meta":{"footnotes":""},"class_list":["post-97","page","type-page","status-publish","hentry"],"_links":{"self":[{"href":"https:\/\/adiz-ev.de\/index.php?rest_route=\/wp\/v2\/pages\/97","targetHints":{"allow":["GET"]}}],"collection":[{"href":"https:\/\/adiz-ev.de\/index.php?rest_route=\/wp\/v2\/pages"}],"about":[{"href":"https:\/\/adiz-ev.de\/index.php?rest_route=\/wp\/v2\/types\/page"}],"author":[{"embeddable":true,"href":"https:\/\/adiz-ev.de\/index.php?rest_route=\/wp\/v2\/users\/1"}],"replies":[{"embeddable":true,"href":"https:\/\/adiz-ev.de\/index.php?rest_route=%2Fwp%2Fv2%2Fcomments&post=97"}],"version-history":[{"count":33,"href":"https:\/\/adiz-ev.de\/index.php?rest_route=\/wp\/v2\/pages\/97\/revisions"}],"predecessor-version":[{"id":514,"href":"https:\/\/adiz-ev.de\/index.php?rest_route=\/wp\/v2\/pages\/97\/revisions\/514"}],"wp:attachment":[{"href":"https:\/\/adiz-ev.de\/index.php?rest_route=%2Fwp%2Fv2%2Fmedia&parent=97"}],"curies":[{"name":"wp","href":"https:\/\/api.w.org\/{rel}","templated":true}]}}